{"id":68,"date":"2020-05-09T03:04:59","date_gmt":"2020-05-09T03:04:59","guid":{"rendered":"https:\/\/programapuntodeventa.com.mx\/tienda\/?post_type=product&#038;p=68"},"modified":"2025-08-30T01:13:40","modified_gmt":"2025-08-30T01:13:40","slug":"monitor-tactil-touchscreen","status":"publish","type":"product","link":"https:\/\/programapuntodeventa.com.mx\/tienda\/producto\/monitor-tactil-touchscreen\/","title":{"rendered":"GHIA Monitor Touch 15 Pulgadas"},"content":{"rendered":"<div class=\"col col-12 col-sm-12 col-md-5 select-plantilla-description\">\n<div class=\"box-wrap-description\">Monitor lcd touch ghia \/ 15 pulgadas \/ negro \/ de uso rudo<\/div>\n<\/div>\n<div>\n<section id=\"informacion-comercial\" class=\"plantilla-informacion-comercial\">\n<div class=\"container\">\n<div class=\"row mx-auto d-flex align-items-center justify-content-md-center\">\n<div class=\"col col-12 col-sm-12 col-md-11 select-plantilla-informacion-comercial\">\n<div><\/div>\n<div class=\"box-wrap-informacion-comercial-descripcion\">Monitor ghia con pantalla t\u00e1ctil resistiva contra la suciedad y polvo, cuenta con controles de visualizaci\u00f3n en pantalla al costado y funci\u00f3n de bloqueo para uso p\u00fablico.<\/div>\n<\/div>\n<\/div>\n<\/div>\n<\/section>\n<\/div>\n","protected":false},"excerpt":{"rendered":"<p>Monitor lcd touch ghia \/ 15 pulgadas \/ negro \/ de uso rudo Monitor ghia con pantalla t\u00e1ctil resistiva contra la suciedad y polvo, cuenta con controles de visualizaci\u00f3n en pantalla al costado y funci\u00f3n de bloqueo para uso p\u00fablico.<\/p>\n","protected":false},"featured_media":69,"comment_status":"open","ping_status":"closed","template":"","meta":[],"product_brand":[],"product_cat":[20],"product_tag":[36,37,38,39],"class_list":{"0":"post-68","1":"product","2":"type-product","3":"status-publish","4":"has-post-thumbnail","6":"product_cat-monitores-tactiles-touch-punto-de-venta","7":"product_tag-monitor-tactil-punto-de-venta","8":"product_tag-pantalla-tactil-punto-de-venta","9":"product_tag-pantalla-touch","10":"product_tag-touchscreen","12":"first","13":"instock","14":"taxable","15":"shipping-taxable","16":"purchasable","17":"product-type-simple"},"_links":{"self":[{"href":"https:\/\/programapuntodeventa.com.mx\/tienda\/wp-json\/wp\/v2\/product\/68","targetHints":{"allow":["GET"]}}],"collection":[{"href":"https:\/\/programapuntodeventa.com.mx\/tienda\/wp-json\/wp\/v2\/product"}],"about":[{"href":"https:\/\/programapuntodeventa.com.mx\/tienda\/wp-json\/wp\/v2\/types\/product"}],"replies":[{"embeddable":true,"href":"https:\/\/programapuntodeventa.com.mx\/tienda\/wp-json\/wp\/v2\/comments?post=68"}],"wp:featuredmedia":[{"embeddable":true,"href":"https:\/\/programapuntodeventa.com.mx\/tienda\/wp-json\/wp\/v2\/media\/69"}],"wp:attachment":[{"href":"https:\/\/programapuntodeventa.com.mx\/tienda\/wp-json\/wp\/v2\/media?parent=68"}],"wp:term":[{"taxonomy":"product_brand","embeddable":true,"href":"https:\/\/programapuntodeventa.com.mx\/tienda\/wp-json\/wp\/v2\/product_brand?post=68"},{"taxonomy":"product_cat","embeddable":true,"href":"https:\/\/programapuntodeventa.com.mx\/tienda\/wp-json\/wp\/v2\/product_cat?post=68"},{"taxonomy":"product_tag","embeddable":true,"href":"https:\/\/programapuntodeventa.com.mx\/tienda\/wp-json\/wp\/v2\/product_tag?post=68"}],"curies":[{"name":"wp","href":"https:\/\/api.w.org\/{rel}","templated":true}]}}