{"id":67,"date":"2020-05-09T03:02:01","date_gmt":"2020-05-09T03:02:01","guid":{"rendered":"https:\/\/programapuntodeventa.com.mx\/tienda\/?post_type=product&#038;p=67"},"modified":"2025-08-30T01:13:13","modified_gmt":"2025-08-30T01:13:13","slug":"67","status":"publish","type":"product","link":"https:\/\/programapuntodeventa.com.mx\/tienda\/producto\/67\/","title":{"rendered":"GHIA Lector Inalambrico 1D GSLWB1"},"content":{"rendered":"<div class=\"box-wrap-description\">Lector de codigos de barra ghia laser 1d inalambrico con base \/\/ receptor usb \/\/ hasta 300m<\/div>\n<div class=\"box-wrap-button-store-online\">\n<div class=\"box-wrap-button-store-online\">\n<section id=\"informacion-comercial\" class=\"plantilla-informacion-comercial\">\n<div class=\"container\">\n<div class=\"row mx-auto d-flex align-items-center justify-content-md-center\">\n<div class=\"col col-12 col-sm-12 col-md-11 select-plantilla-informacion-comercial\">\n<div><\/div>\n<div class=\"box-wrap-informacion-comercial-descripcion\">Lector de c\u00f3digo de barras inal\u00e1mbrico l\u00e1ser ghia 1d, decodifica hasta 300 escaneos por segundo y con capacidad de captura de hasta 300 metros en espacios abiertos. almacena hasta 100,000 c\u00f3digos. configurable para escaneo manual o autom\u00e1tico<\/div>\n<\/div>\n<\/div>\n<\/div>\n<\/section>\n<\/div>\n<\/div>\n","protected":false},"excerpt":{"rendered":"<p>Lector de codigos de barra ghia laser 1d inalambrico con base \/\/ receptor usb \/\/ hasta 300m Lector de c\u00f3digo de barras inal\u00e1mbrico l\u00e1ser ghia 1d, decodifica hasta 300 escaneos por segundo y con capacidad de captura de hasta 300 metros en espacios abiertos. almacena hasta 100,000 c\u00f3digos. configurable para escaneo manual o autom\u00e1tico<\/p>\n","protected":false},"featured_media":21,"comment_status":"open","ping_status":"closed","template":"","meta":[],"product_brand":[],"product_cat":[17],"product_tag":[28,25,27,24,26],"class_list":{"0":"post-67","1":"product","2":"type-product","3":"status-publish","4":"has-post-thumbnail","6":"product_cat-lector-codigo-de-barras-punto-de-venta","7":"product_tag-codigo-de-barras","8":"product_tag-escaner-codigo-de-barras","9":"product_tag-laser","10":"product_tag-lector-de-codigo-de-barras","11":"product_tag-pistola-codigo-de-barras","13":"first","14":"instock","15":"taxable","16":"shipping-taxable","17":"purchasable","18":"product-type-simple"},"_links":{"self":[{"href":"https:\/\/programapuntodeventa.com.mx\/tienda\/wp-json\/wp\/v2\/product\/67","targetHints":{"allow":["GET"]}}],"collection":[{"href":"https:\/\/programapuntodeventa.com.mx\/tienda\/wp-json\/wp\/v2\/product"}],"about":[{"href":"https:\/\/programapuntodeventa.com.mx\/tienda\/wp-json\/wp\/v2\/types\/product"}],"replies":[{"embeddable":true,"href":"https:\/\/programapuntodeventa.com.mx\/tienda\/wp-json\/wp\/v2\/comments?post=67"}],"wp:featuredmedia":[{"embeddable":true,"href":"https:\/\/programapuntodeventa.com.mx\/tienda\/wp-json\/wp\/v2\/media\/21"}],"wp:attachment":[{"href":"https:\/\/programapuntodeventa.com.mx\/tienda\/wp-json\/wp\/v2\/media?parent=67"}],"wp:term":[{"taxonomy":"product_brand","embeddable":true,"href":"https:\/\/programapuntodeventa.com.mx\/tienda\/wp-json\/wp\/v2\/product_brand?post=67"},{"taxonomy":"product_cat","embeddable":true,"href":"https:\/\/programapuntodeventa.com.mx\/tienda\/wp-json\/wp\/v2\/product_cat?post=67"},{"taxonomy":"product_tag","embeddable":true,"href":"https:\/\/programapuntodeventa.com.mx\/tienda\/wp-json\/wp\/v2\/product_tag?post=67"}],"curies":[{"name":"wp","href":"https:\/\/api.w.org\/{rel}","templated":true}]}}