{"id":47,"date":"2020-05-09T01:38:27","date_gmt":"2020-05-09T01:38:27","guid":{"rendered":"https:\/\/programapuntodeventa.com.mx\/tienda\/?post_type=product&#038;p=47"},"modified":"2025-08-30T01:16:21","modified_gmt":"2025-08-30T01:16:21","slug":"ghia-mini-printer-termica-80mm-gtp801","status":"publish","type":"product","link":"https:\/\/programapuntodeventa.com.mx\/tienda\/producto\/ghia-mini-printer-termica-80mm-gtp801\/","title":{"rendered":"GHIA Mini Printer Termica 80mm GTP801"},"content":{"rendered":"<div class=\"col col-12 col-sm-12 col-md-5 select-plantilla-description\">\n<div class=\"box-wrap-description\">Miniprinter t\u00e9rmica ghia negra 80mm, usb,ethernet, auto cortador<\/div>\n<div><\/div>\n<\/div>\n<div>\n<section id=\"informacion-comercial\" class=\"plantilla-informacion-comercial\">\n<div class=\"container\">\n<div class=\"row mx-auto d-flex align-items-center justify-content-md-center\">\n<div class=\"col col-12 col-sm-12 col-md-11 select-plantilla-informacion-comercial\">\n<div class=\"box-wrap-informacion-comercial-descripcion\">Miniprinter t\u00e9rmica ghia de 80 mil\u00edmetros con autocortador. con conexi\u00f3n usb-ethernet. sensores de detecci\u00f3n de papel y cubierta abierta. puede imprimir gr\u00e1ficos peque\u00f1os como logotipos.<\/div>\n<\/div>\n<\/div>\n<\/div>\n<\/section>\n<section id=\"informacion-tecnica\" class=\"plantilla-get-plantilla\">\n<div class=\"container\">\n<div class=\"row mx-auto d-flex align-items-center justify-content-md-center\">\n<div class=\"col col-12 col-sm-12 col-md-10 select-plantilla-informacion-tecnica\"><\/div>\n<\/div>\n<\/div>\n<\/section>\n<\/div>\n<div class=\"box-wrap-gallery its--gallery--on d-block position-relative text-center\">Impresora de tickets t\u00e9rmica<\/div>\n","protected":false},"excerpt":{"rendered":"<p>Miniprinter t\u00e9rmica ghia negra 80mm, usb,ethernet, auto cortador Miniprinter t\u00e9rmica ghia de 80 mil\u00edmetros con autocortador. con conexi\u00f3n usb-ethernet. sensores de detecci\u00f3n de papel y cubierta abierta. puede imprimir gr\u00e1ficos peque\u00f1os como logotipos. Impresora de tickets t\u00e9rmica<\/p>\n","protected":false},"featured_media":48,"comment_status":"open","ping_status":"closed","template":"","meta":[],"product_brand":[],"product_cat":[16],"product_tag":[30,33,31,32],"class_list":{"0":"post-47","1":"product","2":"type-product","3":"status-publish","4":"has-post-thumbnail","6":"product_cat-impresora-punto-de-venta","7":"product_tag-impresora-de-tickets","8":"product_tag-impresora-punto-de-venta","9":"product_tag-miniprinter","10":"product_tag-pos-printer","12":"first","13":"instock","14":"taxable","15":"shipping-taxable","16":"purchasable","17":"product-type-simple"},"_links":{"self":[{"href":"https:\/\/programapuntodeventa.com.mx\/tienda\/wp-json\/wp\/v2\/product\/47","targetHints":{"allow":["GET"]}}],"collection":[{"href":"https:\/\/programapuntodeventa.com.mx\/tienda\/wp-json\/wp\/v2\/product"}],"about":[{"href":"https:\/\/programapuntodeventa.com.mx\/tienda\/wp-json\/wp\/v2\/types\/product"}],"replies":[{"embeddable":true,"href":"https:\/\/programapuntodeventa.com.mx\/tienda\/wp-json\/wp\/v2\/comments?post=47"}],"wp:featuredmedia":[{"embeddable":true,"href":"https:\/\/programapuntodeventa.com.mx\/tienda\/wp-json\/wp\/v2\/media\/48"}],"wp:attachment":[{"href":"https:\/\/programapuntodeventa.com.mx\/tienda\/wp-json\/wp\/v2\/media?parent=47"}],"wp:term":[{"taxonomy":"product_brand","embeddable":true,"href":"https:\/\/programapuntodeventa.com.mx\/tienda\/wp-json\/wp\/v2\/product_brand?post=47"},{"taxonomy":"product_cat","embeddable":true,"href":"https:\/\/programapuntodeventa.com.mx\/tienda\/wp-json\/wp\/v2\/product_cat?post=47"},{"taxonomy":"product_tag","embeddable":true,"href":"https:\/\/programapuntodeventa.com.mx\/tienda\/wp-json\/wp\/v2\/product_tag?post=47"}],"curies":[{"name":"wp","href":"https:\/\/api.w.org\/{rel}","templated":true}]}}