{"id":131,"date":"2020-05-22T01:41:23","date_gmt":"2020-05-22T01:41:23","guid":{"rendered":"https:\/\/programapuntodeventa.com.mx\/tienda\/?post_type=product&#038;p=131"},"modified":"2025-08-30T01:12:14","modified_gmt":"2025-08-30T01:12:14","slug":"kit-punto-de-venta","status":"publish","type":"product","link":"https:\/\/programapuntodeventa.com.mx\/tienda\/producto\/kit-punto-de-venta\/","title":{"rendered":"KIT punto de venta"},"content":{"rendered":"<p>Toma el control de tu negocio con este kit punto de venta econ\u00f3mico. Incluye:<\/p>\n<p>-Impresora de tickets t\u00e9rmica GHIA 58mm GTP58B1<\/p>\n<p>-Caj\u00f3n GHIA para 4 billetes y 8 monedas.<\/p>\n<p>-Lector de c\u00f3digo de barras l\u00e1ser de largo alcance GHIA.<\/p>\n","protected":false},"excerpt":{"rendered":"<p>Toma el control de tu negocio con este kit punto de venta econ\u00f3mico. Incluye: -Impresora de tickets t\u00e9rmica GHIA 58mm GTP58B1 -Caj\u00f3n GHIA para 4 billetes y 8 monedas. -Lector de c\u00f3digo de barras l\u00e1ser de largo alcance GHIA.<\/p>\n","protected":false},"featured_media":129,"comment_status":"open","ping_status":"closed","template":"","meta":[],"product_brand":[],"product_cat":[50],"product_tag":[52,51,53],"class_list":{"0":"post-131","1":"product","2":"type-product","3":"status-publish","4":"has-post-thumbnail","6":"product_cat-kit-punto-de-venta","7":"product_tag-equipo-punto-de-venta","8":"product_tag-kit-punto-de-venta","9":"product_tag-paquete-punto-de-venta","11":"first","12":"instock","13":"sale","14":"taxable","15":"shipping-taxable","16":"purchasable","17":"product-type-simple"},"_links":{"self":[{"href":"https:\/\/programapuntodeventa.com.mx\/tienda\/wp-json\/wp\/v2\/product\/131","targetHints":{"allow":["GET"]}}],"collection":[{"href":"https:\/\/programapuntodeventa.com.mx\/tienda\/wp-json\/wp\/v2\/product"}],"about":[{"href":"https:\/\/programapuntodeventa.com.mx\/tienda\/wp-json\/wp\/v2\/types\/product"}],"replies":[{"embeddable":true,"href":"https:\/\/programapuntodeventa.com.mx\/tienda\/wp-json\/wp\/v2\/comments?post=131"}],"wp:featuredmedia":[{"embeddable":true,"href":"https:\/\/programapuntodeventa.com.mx\/tienda\/wp-json\/wp\/v2\/media\/129"}],"wp:attachment":[{"href":"https:\/\/programapuntodeventa.com.mx\/tienda\/wp-json\/wp\/v2\/media?parent=131"}],"wp:term":[{"taxonomy":"product_brand","embeddable":true,"href":"https:\/\/programapuntodeventa.com.mx\/tienda\/wp-json\/wp\/v2\/product_brand?post=131"},{"taxonomy":"product_cat","embeddable":true,"href":"https:\/\/programapuntodeventa.com.mx\/tienda\/wp-json\/wp\/v2\/product_cat?post=131"},{"taxonomy":"product_tag","embeddable":true,"href":"https:\/\/programapuntodeventa.com.mx\/tienda\/wp-json\/wp\/v2\/product_tag?post=131"}],"curies":[{"name":"wp","href":"https:\/\/api.w.org\/{rel}","templated":true}]}}